{"id":101,"date":"2022-01-19T15:10:49","date_gmt":"2022-01-19T15:10:49","guid":{"rendered":"https:\/\/drwebdesign.dev\/clubrace\/?page_id=101"},"modified":"2024-02-19T21:31:59","modified_gmt":"2024-02-19T20:31:59","slug":"starten-met-racen","status":"publish","type":"page","link":"https:\/\/ducaticlubrace.nl\/en\/starten-met-racen\/","title":{"rendered":"Start with racing"},"content":{"rendered":"<div data-elementor-type=\"wp-page\" data-elementor-id=\"101\" class=\"elementor elementor-101\" data-elementor-post-type=\"page\">\n\t\t\t\t\t\t<section class=\"elementor-section elementor-top-section elementor-element elementor-element-3f1b015 elementor-section-full_width elementor-section-height-default elementor-section-height-default\" data-id=\"3f1b015\" data-element_type=\"section\">\n\t\t\t\t\t\t<div class=\"elementor-container elementor-column-gap-default\">\n\t\t\t\t\t<div class=\"elementor-column elementor-col-100 elementor-top-column elementor-element elementor-element-22ce503\" data-id=\"22ce503\" data-element_type=\"column\">\n\t\t\t<div class=\"elementor-widget-wrap elementor-element-populated\">\n\t\t\t\t\t\t<div class=\"elementor-element elementor-element-b17fab5 elementor-widget elementor-widget-template\" data-id=\"b17fab5\" data-element_type=\"widget\" data-widget_type=\"template.default\">\n\t\t\t\t<div class=\"elementor-widget-container\">\n\t\t\t\t\t<div class=\"elementor-template\">\n\t\t\t\t\t<div data-elementor-type=\"section\" data-elementor-id=\"104\" class=\"elementor elementor-104\" data-elementor-post-type=\"elementor_library\">\n\t\t\t\t\t<section class=\"elementor-section elementor-top-section elementor-element elementor-element-32ec2f2 elementor-section-height-min-height elementor-section-items-bottom elementor-section-boxed elementor-section-height-default\" data-id=\"32ec2f2\" data-element_type=\"section\" data-settings=\"{&quot;background_background&quot;:&quot;classic&quot;}\">\n\t\t\t\t\t\t\t<div class=\"elementor-background-overlay\"><\/div>\n\t\t\t\t\t\t\t<div class=\"elementor-container elementor-column-gap-default\">\n\t\t\t\t\t<div class=\"elementor-column elementor-col-50 elementor-top-column elementor-element elementor-element-4922bc9\" data-id=\"4922bc9\" data-element_type=\"column\">\n\t\t\t<div class=\"elementor-widget-wrap elementor-element-populated\">\n\t\t\t\t\t\t<div class=\"elementor-element elementor-element-1792d3c elementor-widget__width-auto jedv-enabled--yes elementor-widget elementor-widget-heading\" data-id=\"1792d3c\" data-element_type=\"widget\" data-widget_type=\"heading.default\">\n\t\t\t\t<div class=\"elementor-widget-container\">\n\t\t\t<h1 class=\"elementor-heading-title elementor-size-default\">Start with racing<\/h1>\t\t<\/div>\n\t\t\t\t<\/div>\n\t\t\t\t\t<\/div>\n\t\t<\/div>\n\t\t\t\t<div class=\"elementor-column elementor-col-50 elementor-top-column elementor-element elementor-element-3afe173\" data-id=\"3afe173\" data-element_type=\"column\" data-settings=\"{&quot;background_background&quot;:&quot;classic&quot;}\">\n\t\t\t<div class=\"elementor-widget-wrap elementor-element-populated\">\n\t\t\t\t\t\t<div class=\"elementor-element elementor-element-b07b42e elementor-widget elementor-widget-image\" data-id=\"b07b42e\" data-element_type=\"widget\" data-widget_type=\"image.default\">\n\t\t\t\t<div class=\"elementor-widget-container\">\n\t\t\t\t\t\t\t\t\t\t\t\t\t<img decoding=\"async\" width=\"294\" height=\"42\" src=\"https:\/\/ducaticlubrace.nl\/wp-content\/uploads\/2022\/01\/The-Ultimate-Racing-Experience.svg\" class=\"attachment-large size-large wp-image-46\" alt=\"\" title=\"\">\t\t\t\t\t\t\t\t\t\t\t\t\t<\/div>\n\t\t\t\t<\/div>\n\t\t\t\t<div class=\"elementor-element elementor-element-dba2f7f elementor-countdown--label-inline elementor-widget elementor-widget-countdown\" data-id=\"dba2f7f\" data-element_type=\"widget\" data-widget_type=\"countdown.default\">\n\t\t\t\t<div class=\"elementor-widget-container\">\n\t\t\t\t\t<div class=\"elementor-countdown-wrapper\" data-date=\"1747987200\">\n\t\t\t\t\t<\/div>\n\t\t\t\t<\/div>\n\t\t\t\t<\/div>\n\t\t\t\t\t<\/div>\n\t\t<\/div>\n\t\t\t\t\t<\/div>\n\t\t<\/section>\n\t\t\t\t<\/div>\n\t\t\t\t<\/div>\n\t\t\t\t<\/div>\n\t\t\t\t<\/div>\n\t\t\t\t\t<\/div>\n\t\t<\/div>\n\t\t\t\t\t<\/div>\n\t\t<\/section>\n\t\t\t\t<section class=\"elementor-section elementor-top-section elementor-element elementor-element-25df587 elementor-section-boxed elementor-section-height-default elementor-section-height-default\" data-id=\"25df587\" data-element_type=\"section\" data-settings=\"{&quot;background_background&quot;:&quot;gradient&quot;}\">\n\t\t\t\t\t\t<div class=\"elementor-container elementor-column-gap-default\">\n\t\t\t\t\t<div class=\"elementor-column elementor-col-50 elementor-top-column elementor-element elementor-element-3703037\" data-id=\"3703037\" data-element_type=\"column\">\n\t\t\t<div class=\"elementor-widget-wrap elementor-element-populated\">\n\t\t\t\t\t\t<div class=\"elementor-element elementor-element-df46cb9 elementor-widget elementor-widget-text-editor\" data-id=\"df46cb9\" data-element_type=\"widget\" data-widget_type=\"text-editor.default\">\n\t\t\t\t<div class=\"elementor-widget-container\">\n\t\t\t\t\t\t\t<p><b>Waarschuwing: racen is verslavend!<\/b><\/p><p>Voor degene die weliswaar al circuitdagen heeft gereden, maar nog niet eerder aan een wedstrijd\u00a0<span style=\"background-color: transparent; color: var( --e-global-color-text ); font-family: var( --e-global-typography-text-font-family ), Sans-serif; font-size: var( --e-global-typography-text-font-size ); font-weight: var( --e-global-typography-text-font-weight );\">heeft deelgenomen, kan zo\u2019n eerste race weekend behoorlijk spannend zijn. Hieronder volgt een\u00a0<\/span><span style=\"background-color: transparent; color: var( --e-global-color-text ); font-family: var( --e-global-typography-text-font-family ), Sans-serif; font-size: var( --e-global-typography-text-font-size ); font-weight: var( --e-global-typography-text-font-weight );\">artikel met uitleg over de voorbereiding: wat komt er op je af, waar moet je rekening mee houden.<\/span><\/p>\t\t\t\t\t\t<\/div>\n\t\t\t\t<\/div>\n\t\t\t\t\t<\/div>\n\t\t<\/div>\n\t\t\t\t<div class=\"elementor-column elementor-col-50 elementor-top-column elementor-element elementor-element-68cccb0 elementor-hidden-tablet elementor-hidden-mobile\" data-id=\"68cccb0\" data-element_type=\"column\">\n\t\t\t<div class=\"elementor-widget-wrap\">\n\t\t\t\t\t\t\t<\/div>\n\t\t<\/div>\n\t\t\t\t\t<\/div>\n\t\t<\/section>\n\t\t\t\t<section class=\"elementor-section elementor-top-section elementor-element elementor-element-f929f52 elementor-section-boxed elementor-section-height-default elementor-section-height-default\" data-id=\"f929f52\" data-element_type=\"section\">\n\t\t\t\t\t\t<div class=\"elementor-container elementor-column-gap-default\">\n\t\t\t\t\t<div class=\"elementor-column elementor-col-50 elementor-top-column elementor-element elementor-element-1d09d9c\" data-id=\"1d09d9c\" data-element_type=\"column\">\n\t\t\t<div class=\"elementor-widget-wrap elementor-element-populated\">\n\t\t\t\t\t\t<div class=\"elementor-element elementor-element-9d2940f elementor-widget elementor-widget-text-editor\" data-id=\"9d2940f\" data-element_type=\"widget\" data-widget_type=\"text-editor.default\">\n\t\t\t\t<div class=\"elementor-widget-container\">\n\t\t\t\t\t\t\t<p><strong>The race classes<\/strong><\/p>\n<p>Iedereen met een Ducati schrijft zich natuurlijk in voor de Open Ducati klasse. Omdat binnen deze&nbsp;<span style=\"color: var( --e-global-color-text ); font-family: var( --e-global-typography-text-font-family ), Sans-serif; font-size: var( --e-global-typography-text-font-size ); font-weight: var( --e-global-typography-text-font-weight );\">klasse verschillende races vallen, gebaseerd op de kwalificatietijd, ben je ervan verzekerd dat je in&nbsp;<\/span><span style=\"color: var( --e-global-color-text ); font-family: var( --e-global-typography-text-font-family ), Sans-serif; font-size: var( --e-global-typography-text-font-size ); font-weight: var( --e-global-typography-text-font-weight );\">jouw wedstrijd altijd tegen redelijk gelijkwaardige tegenstanders rijdt. Dat maakt de races wel zo leuk&nbsp;<\/span><span style=\"color: var( --e-global-color-text ); font-family: var( --e-global-typography-text-font-family ), Sans-serif; font-size: var( --e-global-typography-text-font-size ); font-weight: var( --e-global-typography-text-font-weight );\">en spannend!<\/span><\/p>\n<p>Voor alle andere merken uit Europa en de VS en voor alle 0, 1, 2 en 3 cilinder motorfietsen, voor&nbsp;<span style=\"color: var( --e-global-color-text ); font-family: var( --e-global-typography-text-font-family ), Sans-serif; font-size: var( --e-global-typography-text-font-size ); font-weight: var( --e-global-typography-text-font-weight );\">klassiekers, tweetakten en zijspannen zijn er natuurlijk ook wedstrijden. Check hiervoor de pagina&nbsp;<\/span><span style=\"color: var( --e-global-color-text ); font-family: var( --e-global-typography-text-font-family ), Sans-serif; font-size: var( --e-global-typography-text-font-size ); font-weight: var( --e-global-typography-text-font-weight );\">met de beschrijving van de raceklassen.<\/span><\/p>\n<p>Je kan je inschrijven voor een tweede wedstrijd \u2013 dat gebeurt vrij veel. Doe je dat met dezelfde&nbsp;<span style=\"color: var( --e-global-color-text ); font-family: var( --e-global-typography-text-font-family ), Sans-serif; font-size: var( --e-global-typography-text-font-size ); font-weight: var( --e-global-typography-text-font-weight );\">motorfiets, dan hoef je niet nogmaals te kwalificeren. Je startplek in deze tweede wedstrijd wordt&nbsp;<\/span><span style=\"color: var( --e-global-color-text ); font-family: var( --e-global-typography-text-font-family ), Sans-serif; font-size: var( --e-global-typography-text-font-size ); font-weight: var( --e-global-typography-text-font-weight );\">bepaald aan de hand van je reeds gezette kwalificatietijd. Dat betekent dat de kosten voor deze&nbsp;<\/span><span style=\"color: var( --e-global-color-text ); font-family: var( --e-global-typography-text-font-family ), Sans-serif; font-size: var( --e-global-typography-text-font-size ); font-weight: var( --e-global-typography-text-font-weight );\">tweede wedstrijd lager liggen dan voor de eerste.<\/span><\/p>\n<p><span style=\"color: var( --e-global-color-text ); font-family: var( --e-global-typography-text-font-family ), Sans-serif; font-size: var( --e-global-typography-text-font-size ); font-weight: var( --e-global-typography-text-font-weight );\"><br><\/span><\/p>\n<p><\/p>\n<p><b>racelicentie \/ licentiecursus (verplicht!) <\/b>&nbsp;&nbsp;<\/p>\n<p><span style=\"color: var( --e-global-color-text ); font-family: var( --e-global-typography-text-font-family ), Sans-serif; font-size: var( --e-global-typography-text-font-size ); font-weight: var( --e-global-typography-text-font-weight );\">Als je voor het eerst gaat racen, ben je verplicht om niet&nbsp;<\/span><span style=\"color: var( --e-global-color-text ); font-family: var( --e-global-typography-text-font-family ), Sans-serif; font-size: var( --e-global-typography-text-font-size ); font-weight: var( --e-global-typography-text-font-weight );\">langer dan 3 jaar geleden een licentiecursus gedaan te hebben. Heb je al eerder geracet, dan moet je&nbsp;<\/span><span style=\"color: var( --e-global-color-text ); font-family: var( --e-global-typography-text-font-family ), Sans-serif; font-size: var( --e-global-typography-text-font-size ); font-weight: var( --e-global-typography-text-font-weight );\">niet langer dan 3 jaar geleden een (dag-)licentie hebben gehad bij de MON (ZAC), OW-cup of KNMV.<\/span><\/p>\n<p><span style=\"color: var( --e-global-color-text ); font-family: var( --e-global-typography-text-font-family ), Sans-serif; font-size: var( --e-global-typography-text-font-size ); font-weight: var( --e-global-typography-text-font-weight );\">&nbsp;<\/span><\/p>\n<p><b>Regulations<\/b>&nbsp;<\/p>\n<p>Lees de reglementen en bereid je motor voor. Belangrijkste punten motorfiets:&nbsp;&nbsp;<span style=\"color: var( --e-global-color-text ); font-family: var( --e-global-typography-text-font-family ), Sans-serif; font-size: var( --e-global-typography-text-font-size ); font-weight: var( --e-global-typography-text-font-weight );\">borgen olie- en rempunten, remhendel beschermer voor moderne motoren, regenlicht en natuurlijk&nbsp;<\/span><span style=\"color: var( --e-global-color-text ); font-family: var( --e-global-typography-text-font-family ), Sans-serif; font-size: var( --e-global-typography-text-font-size ); font-weight: var( --e-global-typography-text-font-weight );\">spiegels, standaard en lichten verwijderen. Belangrijkste punten kleding: \u00e9\u00e9ndelige raceoverall,&nbsp;<\/span><span style=\"color: var( --e-global-color-text ); font-family: var( --e-global-typography-text-font-family ), Sans-serif; font-size: var( --e-global-typography-text-font-size ); font-weight: var( --e-global-typography-text-font-weight );\">laarzen, helm met minimaal de 22.05 keuring, dubbel-D-sluiting en niet ouder dan 5 jaar.<\/span><\/p>\n<p><span style=\"color: var( --e-global-color-text ); font-family: var( --e-global-typography-text-font-family ), Sans-serif; font-size: var( --e-global-typography-text-font-size ); font-weight: var( --e-global-typography-text-font-weight );\"><br><\/span><\/p>\n<p><\/p>\n<p><b>Voorbereiding op het raceweekend<\/b><\/p>\n<p>Het raceweekend zelf \u2013 neem een gezellig iemand mee. Dat is niet alleen gezellig maar ook nog eens&nbsp;<span style=\"color: var( --e-global-color-text ); font-family: var( --e-global-typography-text-font-family ), Sans-serif; font-size: var( --e-global-typography-text-font-size ); font-weight: var( --e-global-typography-text-font-weight );\">hartstikke praktisch. Die persoon kan je helpen bij het opbokken van de motor als je van de baan&nbsp;<\/span><span style=\"color: var( --e-global-color-text ); font-family: var( --e-global-typography-text-font-family ), Sans-serif; font-size: var( --e-global-typography-text-font-size ); font-weight: var( --e-global-typography-text-font-weight );\">komt \u00e9n je hebt in ieder geval \u00e9\u00e9n fan naast de baan :-). Natuurlijk is het n\u00f3g leuker als je je hele&nbsp;<\/span><span style=\"color: var( --e-global-color-text ); font-family: var( --e-global-typography-text-font-family ), Sans-serif; font-size: var( --e-global-typography-text-font-size ); font-weight: var( --e-global-typography-text-font-weight );\">vrienden- en familiegroep meeneemt. Zij kunnen overnachten op het binnenterrein, ter hoogte van&nbsp;<\/span><span style=\"color: var( --e-global-color-text ); font-family: var( --e-global-typography-text-font-family ), Sans-serif; font-size: var( --e-global-typography-text-font-size ); font-weight: var( --e-global-typography-text-font-weight );\">de GT-bocht.<\/span><\/p>\t\t\t\t\t\t<\/div>\n\t\t\t\t<\/div>\n\t\t\t\t\t<\/div>\n\t\t<\/div>\n\t\t\t\t<div class=\"elementor-column elementor-col-50 elementor-top-column elementor-element elementor-element-3740816 elementor-hidden-tablet elementor-hidden-mobile\" data-id=\"3740816\" data-element_type=\"column\">\n\t\t\t<div class=\"elementor-widget-wrap\">\n\t\t\t\t\t\t\t<\/div>\n\t\t<\/div>\n\t\t\t\t\t<\/div>\n\t\t<\/section>\n\t\t\t\t<\/div>","protected":false},"excerpt":{"rendered":"<p>Waarschuwing: racen is verslavend! Voor degene die weliswaar al circuitdagen heeft gereden, maar nog niet eerder aan een wedstrijd\u00a0heeft deelgenomen, kan zo\u2019n eerste race weekend behoorlijk spannend zijn. Hieronder volgt een\u00a0artikel met uitleg over de voorbereiding: wat komt er op je af, waar moet je rekening mee houden. De raceklassen Iedereen met een Ducati schrijft [&hellip;]<\/p>","protected":false},"author":1,"featured_media":494,"parent":0,"menu_order":0,"comment_status":"closed","ping_status":"closed","template":"","meta":[],"_links":{"self":[{"href":"https:\/\/ducaticlubrace.nl\/en\/wp-json\/wp\/v2\/pages\/101"}],"collection":[{"href":"https:\/\/ducaticlubrace.nl\/en\/wp-json\/wp\/v2\/pages"}],"about":[{"href":"https:\/\/ducaticlubrace.nl\/en\/wp-json\/wp\/v2\/types\/page"}],"author":[{"embeddable":true,"href":"https:\/\/ducaticlubrace.nl\/en\/wp-json\/wp\/v2\/users\/1"}],"replies":[{"embeddable":true,"href":"https:\/\/ducaticlubrace.nl\/en\/wp-json\/wp\/v2\/comments?post=101"}],"version-history":[{"count":23,"href":"https:\/\/ducaticlubrace.nl\/en\/wp-json\/wp\/v2\/pages\/101\/revisions"}],"predecessor-version":[{"id":1223,"href":"https:\/\/ducaticlubrace.nl\/en\/wp-json\/wp\/v2\/pages\/101\/revisions\/1223"}],"wp:featuredmedia":[{"embeddable":true,"href":"https:\/\/ducaticlubrace.nl\/en\/wp-json\/wp\/v2\/media\/494"}],"wp:attachment":[{"href":"https:\/\/ducaticlubrace.nl\/en\/wp-json\/wp\/v2\/media?parent=101"}],"curies":[{"name":"wp","href":"https:\/\/api.w.org\/{rel}","templated":true}]}}